{"id":453,"date":"2018-02-19T01:27:41","date_gmt":"2018-02-19T00:27:41","guid":{"rendered":"http:\/\/kronaction.com\/shop\/?post_type=product&#038;p=453"},"modified":"2018-02-19T01:27:41","modified_gmt":"2018-02-19T00:27:41","slug":"footape","status":"publish","type":"product","link":"https:\/\/kronsafety.com\/shop\/produkt\/footape\/","title":{"rendered":"Footape"},"content":{"rendered":"<p>Die l\u00e4ngenverstellbare FOOTAPE- Trittschlinge wird zusammen mit der Seilklemme mit Griff oder mit Behelfsklemmen f\u00fcr den Aufstieg am Seil verwendet. Der in der H\u00f6he verstellbare elastische Riemen gew\u00e4hrleistet den Halt des Fu\u00dfes in der Trittschlinge und ist f\u00fcr alle Schuharten geeignet.<\/p>\n","protected":false},"excerpt":{"rendered":"<p>Die l\u00e4ngenverstellbare FOOTAPE- Trittschlinge wird zusammen mit der Seilklemme mit Griff oder mit Behelfsklemmen f\u00fcr den Aufstieg am Seil verwendet. Der in der H\u00f6he verstellbare elastische Riemen gew\u00e4hrleistet den Halt des Fu\u00dfes in der Trittschlinge und ist f\u00fcr alle Schuharten geeignet.<\/p>\n","protected":false},"featured_media":454,"template":"","meta":[],"product_cat":[233,234,245],"product_tag":[],"_links":{"self":[{"href":"https:\/\/kronsafety.com\/shop\/wp-json\/wp\/v2\/product\/453"}],"collection":[{"href":"https:\/\/kronsafety.com\/shop\/wp-json\/wp\/v2\/product"}],"about":[{"href":"https:\/\/kronsafety.com\/shop\/wp-json\/wp\/v2\/types\/product"}],"wp:featuredmedia":[{"embeddable":true,"href":"https:\/\/kronsafety.com\/shop\/wp-json\/wp\/v2\/media\/454"}],"wp:attachment":[{"href":"https:\/\/kronsafety.com\/shop\/wp-json\/wp\/v2\/media?parent=453"}],"wp:term":[{"taxonomy":"product_cat","embeddable":true,"href":"https:\/\/kronsafety.com\/shop\/wp-json\/wp\/v2\/product_cat?post=453"},{"taxonomy":"product_tag","embeddable":true,"href":"https:\/\/kronsafety.com\/shop\/wp-json\/wp\/v2\/product_tag?post=453"}],"curies":[{"name":"wp","href":"https:\/\/api.w.org\/{rel}","templated":true}]}}