{"id":486,"date":"2018-02-19T02:55:32","date_gmt":"2018-02-19T01:55:32","guid":{"rendered":"http:\/\/kronaction.com\/shop\/?post_type=product&#038;p=486"},"modified":"2018-02-19T02:55:32","modified_gmt":"2018-02-19T01:55:32","slug":"futura-mini-block","status":"publish","type":"product","link":"https:\/\/kronsafety.com\/shop\/produkt\/futura-mini-block\/","title":{"rendered":"Futura Mini Block"},"content":{"rendered":"<p>Leichte und vielseitige Seilrolle mit integrierter R\u00fccklaufsperre. Die Sperre kann \u00fcber die Verriegelung ein- und ausgeh\u00e4ngt werden. Die Mini Block leistet damit hervorragende Dienste im Rettungseinsatz und ist f\u00fcr jede Art von Flaschenzug einsetzbar. Besonders anwenderfreundlich beim Einlegen des Seiles.<\/p>\n","protected":false},"excerpt":{"rendered":"<p>Leichte und vielseitige Seilrolle mit integrierter R\u00fccklaufsperre. Die Sperre kann \u00fcber die Verriegelung ein- und ausgeh\u00e4ngt werden. Die Mini Block leistet damit hervorragende Dienste im Rettungseinsatz und ist f\u00fcr jede Art von Flaschenzug einsetzbar. Besonders anwenderfreundlich beim Einlegen des Seiles.<\/p>\n","protected":false},"featured_media":488,"template":"","meta":[],"product_cat":[233,250,274],"product_tag":[],"_links":{"self":[{"href":"https:\/\/kronsafety.com\/shop\/wp-json\/wp\/v2\/product\/486"}],"collection":[{"href":"https:\/\/kronsafety.com\/shop\/wp-json\/wp\/v2\/product"}],"about":[{"href":"https:\/\/kronsafety.com\/shop\/wp-json\/wp\/v2\/types\/product"}],"wp:featuredmedia":[{"embeddable":true,"href":"https:\/\/kronsafety.com\/shop\/wp-json\/wp\/v2\/media\/488"}],"wp:attachment":[{"href":"https:\/\/kronsafety.com\/shop\/wp-json\/wp\/v2\/media?parent=486"}],"wp:term":[{"taxonomy":"product_cat","embeddable":true,"href":"https:\/\/kronsafety.com\/shop\/wp-json\/wp\/v2\/product_cat?post=486"},{"taxonomy":"product_tag","embeddable":true,"href":"https:\/\/kronsafety.com\/shop\/wp-json\/wp\/v2\/product_tag?post=486"}],"curies":[{"name":"wp","href":"https:\/\/api.w.org\/{rel}","templated":true}]}}