{"id":560,"date":"2018-02-26T01:55:31","date_gmt":"2018-02-26T00:55:31","guid":{"rendered":"http:\/\/kronaction.com\/shop\/?post_type=product&#038;p=560"},"modified":"2020-04-17T09:21:28","modified_gmt":"2020-04-17T07:21:28","slug":"dancer","status":"publish","type":"product","link":"https:\/\/kronsafety.com\/shop\/produkt\/dancer\/","title":{"rendered":"Dancer"},"content":{"rendered":"<p>Dancer ist ein praktischer Wirbel mit Kugellager, aus Aluminium, der ein Eindrehen des Seils verhindert. Farblich ist er zweigeteilt in Orange und Schwarz. Gro\u00dfz\u00fcgige \u00d6sen erlauben das Anschlagen mit gr\u00f6\u00dferen Karabinern.<\/p>\n","protected":false},"excerpt":{"rendered":"<p>Dancer ist ein praktischer Wirbel mit Kugellager, aus Aluminium, der ein Eindrehen des Seils verhindert. Farblich ist er zweigeteilt in Orange und Schwarz. Gro\u00dfz\u00fcgige \u00d6sen erlauben das Anschlagen mit gr\u00f6\u00dferen Karabinern.<\/p>\n","protected":false},"featured_media":561,"template":"","meta":[],"product_cat":[233,442],"product_tag":[],"_links":{"self":[{"href":"https:\/\/kronsafety.com\/shop\/wp-json\/wp\/v2\/product\/560"}],"collection":[{"href":"https:\/\/kronsafety.com\/shop\/wp-json\/wp\/v2\/product"}],"about":[{"href":"https:\/\/kronsafety.com\/shop\/wp-json\/wp\/v2\/types\/product"}],"wp:featuredmedia":[{"embeddable":true,"href":"https:\/\/kronsafety.com\/shop\/wp-json\/wp\/v2\/media\/561"}],"wp:attachment":[{"href":"https:\/\/kronsafety.com\/shop\/wp-json\/wp\/v2\/media?parent=560"}],"wp:term":[{"taxonomy":"product_cat","embeddable":true,"href":"https:\/\/kronsafety.com\/shop\/wp-json\/wp\/v2\/product_cat?post=560"},{"taxonomy":"product_tag","embeddable":true,"href":"https:\/\/kronsafety.com\/shop\/wp-json\/wp\/v2\/product_tag?post=560"}],"curies":[{"name":"wp","href":"https:\/\/api.w.org\/{rel}","templated":true}]}}