{"id":562,"date":"2018-02-26T02:01:28","date_gmt":"2018-02-26T01:01:28","guid":{"rendered":"http:\/\/kronaction.com\/shop\/?post_type=product&#038;p=562"},"modified":"2020-04-17T09:24:18","modified_gmt":"2020-04-17T07:24:18","slug":"swivel-open","status":"publish","type":"product","link":"https:\/\/kronsafety.com\/shop\/produkt\/swivel-open\/","title":{"rendered":"Swivel Open"},"content":{"rendered":"<p>Aufschraubbarer Wirbel mit gro\u00dfer \u00d6ffnung, geeignet f\u00fcr zahlreiche verschiedene Produkte (Seilrollen, Verbindungsmittel usw.). Er erm\u00f6glicht die Bildung kompakter und leichter Systeme, verhindert ein Eindrehen des Seils und das Verwickeln von Seilen und Verbindungsmitteln. Das Kugellager sorgt f\u00fcr hohe Leistung und Zuverl\u00e4ssigkeit.<\/p>\n","protected":false},"excerpt":{"rendered":"<p>Aufschraubbarer Wirbel mit gro\u00dfer \u00d6ffnung, geeignet f\u00fcr zahlreiche verschiedene Produkte (Seilrollen, Verbindungsmittel usw.). Er erm\u00f6glicht die Bildung kompakter und leichter Systeme, verhindert ein Eindrehen des Seils und das Verwickeln von Seilen und Verbindungsmitteln. Das Kugellager sorgt f\u00fcr hohe Leistung und Zuverl\u00e4ssigkeit.<\/p>\n","protected":false},"featured_media":563,"template":"","meta":[],"product_cat":[233,442],"product_tag":[],"_links":{"self":[{"href":"https:\/\/kronsafety.com\/shop\/wp-json\/wp\/v2\/product\/562"}],"collection":[{"href":"https:\/\/kronsafety.com\/shop\/wp-json\/wp\/v2\/product"}],"about":[{"href":"https:\/\/kronsafety.com\/shop\/wp-json\/wp\/v2\/types\/product"}],"wp:featuredmedia":[{"embeddable":true,"href":"https:\/\/kronsafety.com\/shop\/wp-json\/wp\/v2\/media\/563"}],"wp:attachment":[{"href":"https:\/\/kronsafety.com\/shop\/wp-json\/wp\/v2\/media?parent=562"}],"wp:term":[{"taxonomy":"product_cat","embeddable":true,"href":"https:\/\/kronsafety.com\/shop\/wp-json\/wp\/v2\/product_cat?post=562"},{"taxonomy":"product_tag","embeddable":true,"href":"https:\/\/kronsafety.com\/shop\/wp-json\/wp\/v2\/product_tag?post=562"}],"curies":[{"name":"wp","href":"https:\/\/api.w.org\/{rel}","templated":true}]}}