{"id":570,"date":"2018-02-26T02:28:58","date_gmt":"2018-02-26T01:28:58","guid":{"rendered":"http:\/\/kronaction.com\/shop\/?post_type=product&#038;p=570"},"modified":"2020-04-21T09:12:33","modified_gmt":"2020-04-21T07:12:33","slug":"beam-clamp","status":"publish","type":"product","link":"https:\/\/kronsafety.com\/shop\/produkt\/beam-clamp\/","title":{"rendered":"Tr\u00e4gerklemme BEAM CLAMP f\u00fcr Stahltr\u00e4ger"},"content":{"rendered":"<p>Mobiler Anschlagpunkt zur Befestigung an Stahltr\u00e4gern mit T\/ H Profil. Die Breite ist regulierbar. 25-320 mm.<\/p>\n","protected":false},"excerpt":{"rendered":"<p>Mobiler Anschlagpunkt zur Befestigung an Stahltr\u00e4gern mit T\/ H Profil. Die Breite ist regulierbar. 25-320 mm.<\/p>\n","protected":false},"featured_media":571,"template":"","meta":[],"product_cat":[292,293,441],"product_tag":[],"_links":{"self":[{"href":"https:\/\/kronsafety.com\/shop\/wp-json\/wp\/v2\/product\/570"}],"collection":[{"href":"https:\/\/kronsafety.com\/shop\/wp-json\/wp\/v2\/product"}],"about":[{"href":"https:\/\/kronsafety.com\/shop\/wp-json\/wp\/v2\/types\/product"}],"wp:featuredmedia":[{"embeddable":true,"href":"https:\/\/kronsafety.com\/shop\/wp-json\/wp\/v2\/media\/571"}],"wp:attachment":[{"href":"https:\/\/kronsafety.com\/shop\/wp-json\/wp\/v2\/media?parent=570"}],"wp:term":[{"taxonomy":"product_cat","embeddable":true,"href":"https:\/\/kronsafety.com\/shop\/wp-json\/wp\/v2\/product_cat?post=570"},{"taxonomy":"product_tag","embeddable":true,"href":"https:\/\/kronsafety.com\/shop\/wp-json\/wp\/v2\/product_tag?post=570"}],"curies":[{"name":"wp","href":"https:\/\/api.w.org\/{rel}","templated":true}]}}