{"id":572,"date":"2018-02-26T02:34:55","date_gmt":"2018-02-26T01:34:55","guid":{"rendered":"http:\/\/kronaction.com\/shop\/?post_type=product&#038;p=572"},"modified":"2020-04-23T09:27:32","modified_gmt":"2020-04-23T07:27:32","slug":"beam-roll","status":"publish","type":"product","link":"https:\/\/kronsafety.com\/shop\/produkt\/beam-roll\/","title":{"rendered":"Rollbeam"},"content":{"rendered":"<p>Bei Verwendung vom Rollbeam ist eine horizontale Fortbewegung unter Zug m\u00f6glich.<br \/>\nF\u00fcr Stahltr\u00e4ger geeignet.<br \/>\nEN795B<\/p>\n","protected":false},"excerpt":{"rendered":"<p>Bei Verwendung vom Rollbeam ist eine horizontale Fortbewegung unter Zug m\u00f6glich. F\u00fcr Stahltr\u00e4ger geeignet. EN795B<\/p>\n","protected":false},"featured_media":574,"template":"","meta":[],"product_cat":[441],"product_tag":[],"_links":{"self":[{"href":"https:\/\/kronsafety.com\/shop\/wp-json\/wp\/v2\/product\/572"}],"collection":[{"href":"https:\/\/kronsafety.com\/shop\/wp-json\/wp\/v2\/product"}],"about":[{"href":"https:\/\/kronsafety.com\/shop\/wp-json\/wp\/v2\/types\/product"}],"wp:featuredmedia":[{"embeddable":true,"href":"https:\/\/kronsafety.com\/shop\/wp-json\/wp\/v2\/media\/574"}],"wp:attachment":[{"href":"https:\/\/kronsafety.com\/shop\/wp-json\/wp\/v2\/media?parent=572"}],"wp:term":[{"taxonomy":"product_cat","embeddable":true,"href":"https:\/\/kronsafety.com\/shop\/wp-json\/wp\/v2\/product_cat?post=572"},{"taxonomy":"product_tag","embeddable":true,"href":"https:\/\/kronsafety.com\/shop\/wp-json\/wp\/v2\/product_tag?post=572"}],"curies":[{"name":"wp","href":"https:\/\/api.w.org\/{rel}","templated":true}]}}