{"id":584,"date":"2018-02-26T03:10:13","date_gmt":"2018-02-26T02:10:13","guid":{"rendered":"http:\/\/kronaction.com\/shop\/?post_type=product&#038;p=584"},"modified":"2020-04-23T07:12:19","modified_gmt":"2020-04-23T05:12:19","slug":"tripod-2","status":"publish","type":"product","link":"https:\/\/kronsafety.com\/shop\/produkt\/tripod-2\/","title":{"rendered":"Tripod 2"},"content":{"rendered":"<p>Mobiler, leichter Anschlagpunkt f\u00fcr Arbeiten in der Tiefe. Er verf\u00fcgt \u00fcber 3 Einh\u00e4ngepunkte. An den regulierbaren Beinen (7 Stufen) befinden sich Universalf\u00fc\u00dfe welche sich f\u00fcr die Verwendung auf glattem Boden, sowie im Gel\u00e4nde eignen. Alle drei Beine werden mit der mitgelieferten Kette miteinander verbunden. Kombinierbar mit passender Rettungswinde, H\u00f6hensicherungsger\u00e4t, Flaschenzugsystem oder H\u00f6hensicherungsger\u00e4t mit Hubfunktion.<\/p>\n<p>Besonderheit: Umlenkrolle direkt in den Kopf eingearbeitet. Dies spart viel Platz und erm\u00f6glicht es, die Person weit nach oben aus dem Schacht zu ziehen.<\/p>\n<p>Transporttasche im Lieferumfang enthalten.<\/p>\n","protected":false},"excerpt":{"rendered":"<p>Mobiler, leichter Anschlagpunkt f\u00fcr Arbeiten in der Tiefe. Er verf\u00fcgt \u00fcber 3 Einh\u00e4ngepunkte. An den regulierbaren Beinen (7 Stufen) befinden sich Universalf\u00fc\u00dfe welche sich f\u00fcr die Verwendung auf glattem Boden, sowie im Gel\u00e4nde eignen. Alle drei Beine werden mit der mitgelieferten Kette miteinander verbunden. Kombinierbar mit passender Rettungswinde, H\u00f6hensicherungsger\u00e4t, Flaschenzugsystem oder H\u00f6hensicherungsger\u00e4t mit Hubfunktion. Besonderheit: [&hellip;]<\/p>\n","protected":false},"featured_media":586,"template":"","meta":[],"product_cat":[292,293,439],"product_tag":[],"_links":{"self":[{"href":"https:\/\/kronsafety.com\/shop\/wp-json\/wp\/v2\/product\/584"}],"collection":[{"href":"https:\/\/kronsafety.com\/shop\/wp-json\/wp\/v2\/product"}],"about":[{"href":"https:\/\/kronsafety.com\/shop\/wp-json\/wp\/v2\/types\/product"}],"wp:featuredmedia":[{"embeddable":true,"href":"https:\/\/kronsafety.com\/shop\/wp-json\/wp\/v2\/media\/586"}],"wp:attachment":[{"href":"https:\/\/kronsafety.com\/shop\/wp-json\/wp\/v2\/media?parent=584"}],"wp:term":[{"taxonomy":"product_cat","embeddable":true,"href":"https:\/\/kronsafety.com\/shop\/wp-json\/wp\/v2\/product_cat?post=584"},{"taxonomy":"product_tag","embeddable":true,"href":"https:\/\/kronsafety.com\/shop\/wp-json\/wp\/v2\/product_tag?post=584"}],"curies":[{"name":"wp","href":"https:\/\/api.w.org\/{rel}","templated":true}]}}