{"id":599,"date":"2018-02-26T03:52:37","date_gmt":"2018-02-26T02:52:37","guid":{"rendered":"http:\/\/kronaction.com\/shop\/?post_type=product&#038;p=599"},"modified":"2020-04-23T07:12:00","modified_gmt":"2020-04-23T05:12:00","slug":"cevedale-mono","status":"publish","type":"product","link":"https:\/\/kronsafety.com\/shop\/produkt\/cevedale-mono\/","title":{"rendered":"Dreibein Cevedale Mono"},"content":{"rendered":"<p>Dieses Dreibein (ausschlie\u00dflich f\u00fcr Textilseile geeignet, sowohl f\u00fcr Statikseile als auch f\u00fcr dynamische Seile) wurde f\u00fcr die st\u00e4dtische Nutzung konzipiert (Gullydeckel, beengte R\u00e4ume, Geb\u00e4ude, usw.).<br \/>\nSicherheitstechnisch bietet es mehr Bewegungsfreiraum bei der Durchf\u00fchrung von Man\u00f6vern verglichen zum Einsatz von Stahlseilen.<br \/>\nDas Dreibein besteht aus Aluminiumrohren, verschraubt mit Edelstahlschrauben. Die Winden wurden aus Rotmessingkomponenten und Edelstahl hergestellt.<br \/>\nDie Trommel ist aus eloxiertem Aluminium.<br \/>\nLeicht, kompakt und einfach zu transportieren.<br \/>\nSein Gesamtgewicht, inklusive Zubeh\u00f6r, betr\u00e4gt ca. 20 kg. Abmessung bei Transport in zugeh\u00f6riger PVC-Tasche ca. 130x45x30 cm.<br \/>\nTeleskopbeine sie verf\u00fcgen \u00fcber eine Anti-Rutsch-Beschichtung (3 Positionen f\u00fcr eine Gesamth\u00f6he von 160 bis 200 cm).<br \/>\nDreibein l\u00e4sst sich auch auf unebenem Gel\u00e4nde aufstellen.<br \/>\nDieses Dreibein entspricht zusammen mit einem Textil-Statikseil mit einem Durchmesser von 10,5 mm der Norm EN 1891 und ist in \u00dcbereinstimmung mit der Verordnung 89\/392\/CEE und der Norm EN1496 als ein Ger\u00e4t der Klasse B eingestuft.<br \/>\nAusgestattet mit Zubeh\u00f6r (Nr. 3 Ovalone Carbon mit Schraubverschluss #412110ZL1KK, Nr. 1 Rolle Reflex #82900OP00KK, Nr. 1 Back-up #8021NO410KK, Tasche f\u00fcr Transport).<\/p>\n","protected":false},"excerpt":{"rendered":"<p>Dieses Dreibein (ausschlie\u00dflich f\u00fcr Textilseile geeignet, sowohl f\u00fcr Statikseile als auch f\u00fcr dynamische Seile) wurde f\u00fcr die st\u00e4dtische Nutzung konzipiert (Gullydeckel, beengte R\u00e4ume, Geb\u00e4ude, usw.). Sicherheitstechnisch bietet es mehr Bewegungsfreiraum bei der Durchf\u00fchrung von Man\u00f6vern verglichen zum Einsatz von Stahlseilen. Das Dreibein besteht aus Aluminiumrohren, verschraubt mit Edelstahlschrauben. Die Winden wurden aus Rotmessingkomponenten und Edelstahl [&hellip;]<\/p>\n","protected":false},"featured_media":600,"template":"","meta":[],"product_cat":[292,293,439],"product_tag":[],"_links":{"self":[{"href":"https:\/\/kronsafety.com\/shop\/wp-json\/wp\/v2\/product\/599"}],"collection":[{"href":"https:\/\/kronsafety.com\/shop\/wp-json\/wp\/v2\/product"}],"about":[{"href":"https:\/\/kronsafety.com\/shop\/wp-json\/wp\/v2\/types\/product"}],"wp:featuredmedia":[{"embeddable":true,"href":"https:\/\/kronsafety.com\/shop\/wp-json\/wp\/v2\/media\/600"}],"wp:attachment":[{"href":"https:\/\/kronsafety.com\/shop\/wp-json\/wp\/v2\/media?parent=599"}],"wp:term":[{"taxonomy":"product_cat","embeddable":true,"href":"https:\/\/kronsafety.com\/shop\/wp-json\/wp\/v2\/product_cat?post=599"},{"taxonomy":"product_tag","embeddable":true,"href":"https:\/\/kronsafety.com\/shop\/wp-json\/wp\/v2\/product_tag?post=599"}],"curies":[{"name":"wp","href":"https:\/\/api.w.org\/{rel}","templated":true}]}}