{"id":603,"date":"2018-02-26T03:59:26","date_gmt":"2018-02-26T02:59:26","guid":{"rendered":"http:\/\/kronaction.com\/shop\/?post_type=product&#038;p=603"},"modified":"2020-04-20T17:04:46","modified_gmt":"2020-04-20T15:04:46","slug":"grizzly","status":"publish","type":"product","link":"https:\/\/kronsafety.com\/shop\/produkt\/grizzly\/","title":{"rendered":"Grizzly"},"content":{"rendered":"<p>Das GRIZZLY ist KEIN Anschlagpunkt, sondern eine unverzichtbare Umlenkung f\u00fcr die Seilf\u00fchrung \u00fcber Kanten. Besonders geeignet f\u00fcr den Einsatz im Industriebereich und auf Flachd\u00e4chern. Die Grundplatten der 1,85m hohen Beine k\u00f6nnen je nach Untergrundbeschaffenheit angepasst werden. Im Bedarfsfall kann das System auch mittels Bohranker verankert werden. Die Anschlagpunkte an denen die Seile befestigt werden, welche \u00fcber den GRIZZLY umgelenkt werden, m\u00fcssen nach EN795 12 kN standhalten.<\/p>\n","protected":false},"excerpt":{"rendered":"<p>Das GRIZZLY ist KEIN Anschlagpunkt, sondern eine unverzichtbare Umlenkung f\u00fcr die Seilf\u00fchrung \u00fcber Kanten. Besonders geeignet f\u00fcr den Einsatz im Industriebereich und auf Flachd\u00e4chern. Die Grundplatten der 1,85m hohen Beine k\u00f6nnen je nach Untergrundbeschaffenheit angepasst werden. Im Bedarfsfall kann das System auch mittels Bohranker verankert werden. Die Anschlagpunkte an denen die Seile befestigt werden, welche [&hellip;]<\/p>\n","protected":false},"featured_media":604,"template":"","meta":[],"product_cat":[292,293,441],"product_tag":[],"_links":{"self":[{"href":"https:\/\/kronsafety.com\/shop\/wp-json\/wp\/v2\/product\/603"}],"collection":[{"href":"https:\/\/kronsafety.com\/shop\/wp-json\/wp\/v2\/product"}],"about":[{"href":"https:\/\/kronsafety.com\/shop\/wp-json\/wp\/v2\/types\/product"}],"wp:featuredmedia":[{"embeddable":true,"href":"https:\/\/kronsafety.com\/shop\/wp-json\/wp\/v2\/media\/604"}],"wp:attachment":[{"href":"https:\/\/kronsafety.com\/shop\/wp-json\/wp\/v2\/media?parent=603"}],"wp:term":[{"taxonomy":"product_cat","embeddable":true,"href":"https:\/\/kronsafety.com\/shop\/wp-json\/wp\/v2\/product_cat?post=603"},{"taxonomy":"product_tag","embeddable":true,"href":"https:\/\/kronsafety.com\/shop\/wp-json\/wp\/v2\/product_tag?post=603"}],"curies":[{"name":"wp","href":"https:\/\/api.w.org\/{rel}","templated":true}]}}