{"id":615,"date":"2018-03-15T00:59:21","date_gmt":"2018-03-14T23:59:21","guid":{"rendered":"http:\/\/kronaction.com\/shop\/?post_type=product&#038;p=615"},"modified":"2020-04-17T09:30:21","modified_gmt":"2020-04-17T07:30:21","slug":"snake-brace-m","status":"publish","type":"product","link":"https:\/\/kronsafety.com\/shop\/produkt\/snake-brace-m\/","title":{"rendered":"Snake Brace M"},"content":{"rendered":"<p>Max. Lochdurchmesser \/ St\u00e4rke Bauwerk &#8211; 195\/50, 210\/100, 225\/150, 235\/200, 255\/300<\/p>\n<p>Anschlagpunkt f\u00fcr durchg\u00e4ngige L\u00f6cher\/Bohrungen, der als Verbindung zwischen Geb\u00e4ude und Absturzsicherung fungiert. F\u00fcr eine Person geeignet, verschiedene L\u00e4ngen erh\u00e4ltlich.<\/p>\n<p>Festigkeit 18kN, in Anlehnung an EN795B gepr\u00fcft.<\/p>\n","protected":false},"excerpt":{"rendered":"<p>Max. Lochdurchmesser \/ St\u00e4rke Bauwerk &#8211; 195\/50, 210\/100, 225\/150, 235\/200, 255\/300 Anschlagpunkt f\u00fcr durchg\u00e4ngige L\u00f6cher\/Bohrungen, der als Verbindung zwischen Geb\u00e4ude und Absturzsicherung fungiert. F\u00fcr eine Person geeignet, verschiedene L\u00e4ngen erh\u00e4ltlich. Festigkeit 18kN, in Anlehnung an EN795B gepr\u00fcft.<\/p>\n","protected":false},"featured_media":613,"template":"","meta":[],"product_cat":[292,293,441],"product_tag":[],"_links":{"self":[{"href":"https:\/\/kronsafety.com\/shop\/wp-json\/wp\/v2\/product\/615"}],"collection":[{"href":"https:\/\/kronsafety.com\/shop\/wp-json\/wp\/v2\/product"}],"about":[{"href":"https:\/\/kronsafety.com\/shop\/wp-json\/wp\/v2\/types\/product"}],"wp:featuredmedia":[{"embeddable":true,"href":"https:\/\/kronsafety.com\/shop\/wp-json\/wp\/v2\/media\/613"}],"wp:attachment":[{"href":"https:\/\/kronsafety.com\/shop\/wp-json\/wp\/v2\/media?parent=615"}],"wp:term":[{"taxonomy":"product_cat","embeddable":true,"href":"https:\/\/kronsafety.com\/shop\/wp-json\/wp\/v2\/product_cat?post=615"},{"taxonomy":"product_tag","embeddable":true,"href":"https:\/\/kronsafety.com\/shop\/wp-json\/wp\/v2\/product_tag?post=615"}],"curies":[{"name":"wp","href":"https:\/\/api.w.org\/{rel}","templated":true}]}}