{"id":620,"date":"2018-02-26T22:03:00","date_gmt":"2018-02-26T21:03:00","guid":{"rendered":"http:\/\/kronaction.com\/shop\/?post_type=product&#038;p=620"},"modified":"2020-04-17T07:41:19","modified_gmt":"2020-04-17T05:41:19","slug":"wide-eye","status":"publish","type":"product","link":"https:\/\/kronsafety.com\/shop\/produkt\/wide-eye\/","title":{"rendered":"Wide Eye"},"content":{"rendered":"<p>Bohrhakenlasche aus hochwertigem Edelstahl, widerstandsf\u00e4hig gegen atmosph\u00e4rische Einfl\u00fcsse.<br \/>\nZertifiziert EN 795\/B.<br \/>\nF\u00fcr Rettungsman\u00f6ver und H\u00f6henarbeit geeignet.<br \/>\nErh\u00e4ltlich in 2 Gr\u00f6\u00dfen.<br \/>\nErh\u00e4ltlich auch im Kit bestehend aus Hakenlasche + Expressanker mit Zertifizierung EN 959.<\/p>\n","protected":false},"excerpt":{"rendered":"<p>Bohrhakenlasche aus hochwertigem Edelstahl, widerstandsf\u00e4hig gegen atmosph\u00e4rische Einfl\u00fcsse. Zertifiziert EN 795\/B. F\u00fcr Rettungsman\u00f6ver und H\u00f6henarbeit geeignet. Erh\u00e4ltlich in 2 Gr\u00f6\u00dfen. Erh\u00e4ltlich auch im Kit bestehend aus Hakenlasche + Expressanker mit Zertifizierung EN 959.<\/p>\n","protected":false},"featured_media":621,"template":"","meta":[],"product_cat":[292,351],"product_tag":[],"_links":{"self":[{"href":"https:\/\/kronsafety.com\/shop\/wp-json\/wp\/v2\/product\/620"}],"collection":[{"href":"https:\/\/kronsafety.com\/shop\/wp-json\/wp\/v2\/product"}],"about":[{"href":"https:\/\/kronsafety.com\/shop\/wp-json\/wp\/v2\/types\/product"}],"wp:featuredmedia":[{"embeddable":true,"href":"https:\/\/kronsafety.com\/shop\/wp-json\/wp\/v2\/media\/621"}],"wp:attachment":[{"href":"https:\/\/kronsafety.com\/shop\/wp-json\/wp\/v2\/media?parent=620"}],"wp:term":[{"taxonomy":"product_cat","embeddable":true,"href":"https:\/\/kronsafety.com\/shop\/wp-json\/wp\/v2\/product_cat?post=620"},{"taxonomy":"product_tag","embeddable":true,"href":"https:\/\/kronsafety.com\/shop\/wp-json\/wp\/v2\/product_tag?post=620"}],"curies":[{"name":"wp","href":"https:\/\/api.w.org\/{rel}","templated":true}]}}