{"id":628,"date":"2018-02-26T22:49:59","date_gmt":"2018-02-26T21:49:59","guid":{"rendered":"http:\/\/kronaction.com\/shop\/?post_type=product&#038;p=628"},"modified":"2018-02-26T22:49:59","modified_gmt":"2018-02-26T21:49:59","slug":"tragetuecher","status":"publish","type":"product","link":"https:\/\/kronsafety.com\/shop\/produkt\/tragetuecher\/","title":{"rendered":"Traget\u00fccher"},"content":{"rendered":"<p>Evakuierungstuch: Strapazierf\u00e4higes Evakuierungstuch mit 12 Handgriffen. Mithilfe der fest installierten Karabiner l\u00e4sst sich dieses Tuch zu einem Evakuierungssitz umbauen. Info: F\u00fcr den Transport ist optional ist auch die passende Atemschutz-Umh\u00e4ngetasche erh\u00e4ltlich.<\/p>\n<p>Tragetuch mit Durchrutschsicherung L: Mehrfachtragetuch nach EN 1865 mit Durchrutschsicherung.<\/p>\n<p>Tragetuch zum Transport von sitzenden oder liegenden Personen. Leicht zu reinigen und desinfizieren mit Kopfpolster und verstellbaren Haltegurten.<\/p>\n","protected":false},"excerpt":{"rendered":"<p>Evakuierungstuch: Strapazierf\u00e4higes Evakuierungstuch mit 12 Handgriffen. Mithilfe der fest installierten Karabiner l\u00e4sst sich dieses Tuch zu einem Evakuierungssitz umbauen. Info: F\u00fcr den Transport ist optional ist auch die passende Atemschutz-Umh\u00e4ngetasche erh\u00e4ltlich. Tragetuch mit Durchrutschsicherung L: Mehrfachtragetuch nach EN 1865 mit Durchrutschsicherung. Tragetuch zum Transport von sitzenden oder liegenden Personen. Leicht zu reinigen und desinfizieren mit [&hellip;]<\/p>\n","protected":false},"featured_media":633,"template":"","meta":[],"product_cat":[356],"product_tag":[],"_links":{"self":[{"href":"https:\/\/kronsafety.com\/shop\/wp-json\/wp\/v2\/product\/628"}],"collection":[{"href":"https:\/\/kronsafety.com\/shop\/wp-json\/wp\/v2\/product"}],"about":[{"href":"https:\/\/kronsafety.com\/shop\/wp-json\/wp\/v2\/types\/product"}],"wp:featuredmedia":[{"embeddable":true,"href":"https:\/\/kronsafety.com\/shop\/wp-json\/wp\/v2\/media\/633"}],"wp:attachment":[{"href":"https:\/\/kronsafety.com\/shop\/wp-json\/wp\/v2\/media?parent=628"}],"wp:term":[{"taxonomy":"product_cat","embeddable":true,"href":"https:\/\/kronsafety.com\/shop\/wp-json\/wp\/v2\/product_cat?post=628"},{"taxonomy":"product_tag","embeddable":true,"href":"https:\/\/kronsafety.com\/shop\/wp-json\/wp\/v2\/product_tag?post=628"}],"curies":[{"name":"wp","href":"https:\/\/api.w.org\/{rel}","templated":true}]}}