{"id":644,"date":"2018-02-26T23:23:55","date_gmt":"2018-02-26T22:23:55","guid":{"rendered":"http:\/\/kronaction.com\/shop\/?post_type=product&#038;p=644"},"modified":"2018-02-26T23:23:55","modified_gmt":"2018-02-26T22:23:55","slug":"half-rolly","status":"publish","type":"product","link":"https:\/\/kronsafety.com\/shop\/produkt\/half-rolly\/","title":{"rendered":"Half Rolly"},"content":{"rendered":"<p>Spezielles Evakuierungssystem f\u00fcr besonders enge Bereiche. Die Trage kann horizontal, schr\u00e4g und vertikal eingesetzt werden. Die Beine des Patienten h\u00e4ngen aus der Trage heraus- somit ist es m\u00f6glich enge Passagen\/ Radien zu \u00fcberwinden.<\/p>\n","protected":false},"excerpt":{"rendered":"<p>Spezielles Evakuierungssystem f\u00fcr besonders enge Bereiche. Die Trage kann horizontal, schr\u00e4g und vertikal eingesetzt werden. Die Beine des Patienten h\u00e4ngen aus der Trage heraus- somit ist es m\u00f6glich enge Passagen\/ Radien zu \u00fcberwinden.<\/p>\n","protected":false},"featured_media":645,"template":"","meta":[],"product_cat":[356],"product_tag":[],"_links":{"self":[{"href":"https:\/\/kronsafety.com\/shop\/wp-json\/wp\/v2\/product\/644"}],"collection":[{"href":"https:\/\/kronsafety.com\/shop\/wp-json\/wp\/v2\/product"}],"about":[{"href":"https:\/\/kronsafety.com\/shop\/wp-json\/wp\/v2\/types\/product"}],"wp:featuredmedia":[{"embeddable":true,"href":"https:\/\/kronsafety.com\/shop\/wp-json\/wp\/v2\/media\/645"}],"wp:attachment":[{"href":"https:\/\/kronsafety.com\/shop\/wp-json\/wp\/v2\/media?parent=644"}],"wp:term":[{"taxonomy":"product_cat","embeddable":true,"href":"https:\/\/kronsafety.com\/shop\/wp-json\/wp\/v2\/product_cat?post=644"},{"taxonomy":"product_tag","embeddable":true,"href":"https:\/\/kronsafety.com\/shop\/wp-json\/wp\/v2\/product_tag?post=644"}],"curies":[{"name":"wp","href":"https:\/\/api.w.org\/{rel}","templated":true}]}}