{"id":651,"date":"2018-02-26T23:45:06","date_gmt":"2018-02-26T22:45:06","guid":{"rendered":"http:\/\/kronaction.com\/shop\/?post_type=product&#038;p=651"},"modified":"2018-03-22T00:46:36","modified_gmt":"2018-03-21T23:46:36","slug":"911-shell","status":"publish","type":"product","link":"https:\/\/kronsafety.com\/shop\/produkt\/911-shell\/","title":{"rendered":"911 Shell"},"content":{"rendered":"<p>Zubeh\u00f6r zur 911 Net Full Trage.<\/p>\n<p>Die Wanne aus Fieberglas sch\u00fctzt den Patienten zus\u00e4tzlich. Abseilspinne im Lieferumfang nicht enthalten.<\/p>\n","protected":false},"excerpt":{"rendered":"<p>Zubeh\u00f6r zur 911 Net Full Trage. Die Wanne aus Fieberglas sch\u00fctzt den Patienten zus\u00e4tzlich. Abseilspinne im Lieferumfang nicht enthalten.<\/p>\n","protected":false},"featured_media":650,"template":"","meta":[],"product_cat":[356],"product_tag":[],"_links":{"self":[{"href":"https:\/\/kronsafety.com\/shop\/wp-json\/wp\/v2\/product\/651"}],"collection":[{"href":"https:\/\/kronsafety.com\/shop\/wp-json\/wp\/v2\/product"}],"about":[{"href":"https:\/\/kronsafety.com\/shop\/wp-json\/wp\/v2\/types\/product"}],"wp:featuredmedia":[{"embeddable":true,"href":"https:\/\/kronsafety.com\/shop\/wp-json\/wp\/v2\/media\/650"}],"wp:attachment":[{"href":"https:\/\/kronsafety.com\/shop\/wp-json\/wp\/v2\/media?parent=651"}],"wp:term":[{"taxonomy":"product_cat","embeddable":true,"href":"https:\/\/kronsafety.com\/shop\/wp-json\/wp\/v2\/product_cat?post=651"},{"taxonomy":"product_tag","embeddable":true,"href":"https:\/\/kronsafety.com\/shop\/wp-json\/wp\/v2\/product_tag?post=651"}],"curies":[{"name":"wp","href":"https:\/\/api.w.org\/{rel}","templated":true}]}}