{"id":739,"date":"2018-03-04T04:32:23","date_gmt":"2018-03-04T03:32:23","guid":{"rendered":"http:\/\/kronaction.com\/shop\/?post_type=product&#038;p=739"},"modified":"2024-10-08T16:54:21","modified_gmt":"2024-10-08T14:54:21","slug":"organizer","status":"publish","type":"product","link":"https:\/\/kronsafety.com\/shop\/produkt\/organizer\/","title":{"rendered":"Organizer"},"content":{"rendered":"<p>Robuster Transportsack f\u00fcr umfangreiche technische Ausr\u00fcstung, Seil und Rettungsmaterial. Der vermeintliche Sack l\u00e4sst sich wie ein Klappkoffer \u00f6ffnen. Die Innenseiten sind jeweils mit zwei kleinen (ca. 12 x 20cm und 17 x 20cm) und einer gro\u00dfen Netztasche (30 x 20cm) ausgestattet.<\/p>\n<p>Die gro\u00dfe Netztasche l\u00e4sst sich durch Druckkn\u00f6pfe in drei kleinere Netztaschen verwandeln. Am Rand sind Klarsichtf\u00e4cher f\u00fcr Beschriftungs- m\u00f6glichkeit angeordnet.<\/p>\n<p>Die innere R\u00fcckwand bietet im oberen Bereich 3 x 8 St\u00fcck Aufnahmeschlaufen, die f\u00fcr Klemmen, Karabiner und vieles mehr geeignet sind. Im unteren Bereich sind Gummib\u00e4nder quadratisch angeordnet. Au\u00dferdem sind zwei B\u00e4nder mit Steckschnallen angebracht. An diesen l\u00e4sst sich z. B. der ORGANIZER ROPE BAG befestigen.<\/p>\n<p>Im verst\u00e4rkten Boden sowie im Kopfteil ist eine kleine Tasche mit Klettverschluss angebracht, die zur Aufnahme von Anleitungen usw. geeignet ist. Au\u00dfen befindet sich eine Rei\u00dfverschluss\u00f6ffnung, die den Eingriff auf ein Innenfach erlaubt. Im oberen Bereich befindet sich ein Tragegriff. Im Kopfteil sind Gurte zum Befestigen eines Helmes angebracht. Darunter befindet sich nochmal eine Tasche mit Klettverschluss.<\/p>\n<p>Im Inneren bietet der ORGANIZER Platz f\u00fcr ca. 60m Seil. Je nachdem wie voll die Taschen gepackt sind, auch f\u00fcr mehr. Der ROPE BAG, welcher sich an beiden Enden \u00f6ffnen l\u00e4sst, ist seitlich mit einem Netz versehen, somit kann Feuchtigkeit entweichen.<\/p>\n","protected":false},"excerpt":{"rendered":"<p>Robuster Transportsack f\u00fcr umfangreiche technische Ausr\u00fcstung, Seil und Rettungsmaterial. Der vermeintliche Sack l\u00e4sst sich wie ein Klappkoffer \u00f6ffnen. Die Innenseiten sind jeweils mit zwei kleinen (ca. 12 x 20cm und 17 x 20cm) und einer gro\u00dfen Netztasche (30 x 20cm) ausgestattet. Die gro\u00dfe Netztasche l\u00e4sst sich durch Druckkn\u00f6pfe in drei kleinere Netztaschen verwandeln. Am Rand [&hellip;]<\/p>\n","protected":false},"featured_media":741,"template":"","meta":[],"product_cat":[367,368],"product_tag":[],"_links":{"self":[{"href":"https:\/\/kronsafety.com\/shop\/wp-json\/wp\/v2\/product\/739"}],"collection":[{"href":"https:\/\/kronsafety.com\/shop\/wp-json\/wp\/v2\/product"}],"about":[{"href":"https:\/\/kronsafety.com\/shop\/wp-json\/wp\/v2\/types\/product"}],"wp:featuredmedia":[{"embeddable":true,"href":"https:\/\/kronsafety.com\/shop\/wp-json\/wp\/v2\/media\/741"}],"wp:attachment":[{"href":"https:\/\/kronsafety.com\/shop\/wp-json\/wp\/v2\/media?parent=739"}],"wp:term":[{"taxonomy":"product_cat","embeddable":true,"href":"https:\/\/kronsafety.com\/shop\/wp-json\/wp\/v2\/product_cat?post=739"},{"taxonomy":"product_tag","embeddable":true,"href":"https:\/\/kronsafety.com\/shop\/wp-json\/wp\/v2\/product_tag?post=739"}],"curies":[{"name":"wp","href":"https:\/\/api.w.org\/{rel}","templated":true}]}}