{"id":764,"date":"2018-03-04T05:24:54","date_gmt":"2018-03-04T04:24:54","guid":{"rendered":"http:\/\/kronaction.com\/shop\/?post_type=product&#038;p=764"},"modified":"2018-03-04T05:24:54","modified_gmt":"2018-03-04T04:24:54","slug":"leinenbeutel-pa","status":"publish","type":"product","link":"https:\/\/kronsafety.com\/shop\/produkt\/leinenbeutel-pa\/","title":{"rendered":"Leinenbeutel PA"},"content":{"rendered":"<p>Dieser Leinenbeutel mit Auslaufsicherung l\u00e4sst sich an nahezu allen Atemschutzger\u00e4ten problemlos befestigen. Der h\u00f6henvariable Haken wird an die Flaschenl\u00e4nge angepasst und mit dem Haltegummi am Flaschenhals befestigt. Durch einen Selbstl\u00f6segriff kann der Atemschutzger\u00e4tetr\u00e4ger sich im Notfall ohne Hilfe von dem Leinenbeutel befreien. Der R\u00fcckweg ist gesichert und die H\u00e4nde bleiben frei.<\/p>\n<p>Lieferung ohne Leine.<\/p>\n","protected":false},"excerpt":{"rendered":"<p>Dieser Leinenbeutel mit Auslaufsicherung l\u00e4sst sich an nahezu allen Atemschutzger\u00e4ten problemlos befestigen. Der h\u00f6henvariable Haken wird an die Flaschenl\u00e4nge angepasst und mit dem Haltegummi am Flaschenhals befestigt. Durch einen Selbstl\u00f6segriff kann der Atemschutzger\u00e4tetr\u00e4ger sich im Notfall ohne Hilfe von dem Leinenbeutel befreien. Der R\u00fcckweg ist gesichert und die H\u00e4nde bleiben frei. Lieferung ohne Leine.<\/p>\n","protected":false},"featured_media":765,"template":"","meta":[],"product_cat":[367,377],"product_tag":[],"_links":{"self":[{"href":"https:\/\/kronsafety.com\/shop\/wp-json\/wp\/v2\/product\/764"}],"collection":[{"href":"https:\/\/kronsafety.com\/shop\/wp-json\/wp\/v2\/product"}],"about":[{"href":"https:\/\/kronsafety.com\/shop\/wp-json\/wp\/v2\/types\/product"}],"wp:featuredmedia":[{"embeddable":true,"href":"https:\/\/kronsafety.com\/shop\/wp-json\/wp\/v2\/media\/765"}],"wp:attachment":[{"href":"https:\/\/kronsafety.com\/shop\/wp-json\/wp\/v2\/media?parent=764"}],"wp:term":[{"taxonomy":"product_cat","embeddable":true,"href":"https:\/\/kronsafety.com\/shop\/wp-json\/wp\/v2\/product_cat?post=764"},{"taxonomy":"product_tag","embeddable":true,"href":"https:\/\/kronsafety.com\/shop\/wp-json\/wp\/v2\/product_tag?post=764"}],"curies":[{"name":"wp","href":"https:\/\/api.w.org\/{rel}","templated":true}]}}