{"id":773,"date":"2018-03-04T05:38:05","date_gmt":"2018-03-04T04:38:05","guid":{"rendered":"http:\/\/kronaction.com\/shop\/?post_type=product&#038;p=773"},"modified":"2018-03-04T05:38:05","modified_gmt":"2018-03-04T04:38:05","slug":"tuer-kennzeichnungsband","status":"publish","type":"product","link":"https:\/\/kronsafety.com\/shop\/produkt\/tuer-kennzeichnungsband\/","title":{"rendered":"T\u00fcr-Kennzeichnungsband"},"content":{"rendered":"<p>Un\u00fcbersehbare, griffige Reepschnur in Tagesleuchtfarbe mit einem retroreflektierenden Griffst\u00fcck zur Befestigung an T\u00fcren.<\/p>\n","protected":false},"excerpt":{"rendered":"<p>Un\u00fcbersehbare, griffige Reepschnur in Tagesleuchtfarbe mit einem retroreflektierenden Griffst\u00fcck zur Befestigung an T\u00fcren.<\/p>\n","protected":false},"featured_media":774,"template":"","meta":[],"product_cat":[367,377],"product_tag":[],"_links":{"self":[{"href":"https:\/\/kronsafety.com\/shop\/wp-json\/wp\/v2\/product\/773"}],"collection":[{"href":"https:\/\/kronsafety.com\/shop\/wp-json\/wp\/v2\/product"}],"about":[{"href":"https:\/\/kronsafety.com\/shop\/wp-json\/wp\/v2\/types\/product"}],"wp:featuredmedia":[{"embeddable":true,"href":"https:\/\/kronsafety.com\/shop\/wp-json\/wp\/v2\/media\/774"}],"wp:attachment":[{"href":"https:\/\/kronsafety.com\/shop\/wp-json\/wp\/v2\/media?parent=773"}],"wp:term":[{"taxonomy":"product_cat","embeddable":true,"href":"https:\/\/kronsafety.com\/shop\/wp-json\/wp\/v2\/product_cat?post=773"},{"taxonomy":"product_tag","embeddable":true,"href":"https:\/\/kronsafety.com\/shop\/wp-json\/wp\/v2\/product_tag?post=773"}],"curies":[{"name":"wp","href":"https:\/\/api.w.org\/{rel}","templated":true}]}}