{"id":775,"date":"2018-03-04T05:41:30","date_gmt":"2018-03-04T04:41:30","guid":{"rendered":"http:\/\/kronaction.com\/shop\/?post_type=product&#038;p=775"},"modified":"2018-03-04T05:41:30","modified_gmt":"2018-03-04T04:41:30","slug":"tuerkeil-3d","status":"publish","type":"product","link":"https:\/\/kronsafety.com\/shop\/produkt\/tuerkeil-3d\/","title":{"rendered":"T\u00fcrkeil 3D"},"content":{"rendered":"<p>Durch seine kleinen Au\u00dfenma\u00dfe ist der PAX-T\u00fcrkeil leicht zu verstauen, funktioniert aber trotzdem bis zu Spaltma\u00dfen von 4,5 cm. Die Reflexschnur hilft nicht nur beim Wiederfinden im Dunklen, an dieser kann der Keil auch an der Ausr\u00fcstung befestigt werden.<\/p>\n","protected":false},"excerpt":{"rendered":"<p>Durch seine kleinen Au\u00dfenma\u00dfe ist der PAX-T\u00fcrkeil leicht zu verstauen, funktioniert aber trotzdem bis zu Spaltma\u00dfen von 4,5 cm. Die Reflexschnur hilft nicht nur beim Wiederfinden im Dunklen, an dieser kann der Keil auch an der Ausr\u00fcstung befestigt werden.<\/p>\n","protected":false},"featured_media":776,"template":"","meta":[],"product_cat":[367,377],"product_tag":[],"_links":{"self":[{"href":"https:\/\/kronsafety.com\/shop\/wp-json\/wp\/v2\/product\/775"}],"collection":[{"href":"https:\/\/kronsafety.com\/shop\/wp-json\/wp\/v2\/product"}],"about":[{"href":"https:\/\/kronsafety.com\/shop\/wp-json\/wp\/v2\/types\/product"}],"wp:featuredmedia":[{"embeddable":true,"href":"https:\/\/kronsafety.com\/shop\/wp-json\/wp\/v2\/media\/776"}],"wp:attachment":[{"href":"https:\/\/kronsafety.com\/shop\/wp-json\/wp\/v2\/media?parent=775"}],"wp:term":[{"taxonomy":"product_cat","embeddable":true,"href":"https:\/\/kronsafety.com\/shop\/wp-json\/wp\/v2\/product_cat?post=775"},{"taxonomy":"product_tag","embeddable":true,"href":"https:\/\/kronsafety.com\/shop\/wp-json\/wp\/v2\/product_tag?post=775"}],"curies":[{"name":"wp","href":"https:\/\/api.w.org\/{rel}","templated":true}]}}