{"id":777,"date":"2018-03-04T05:45:41","date_gmt":"2018-03-04T04:45:41","guid":{"rendered":"http:\/\/kronaction.com\/shop\/?post_type=product&#038;p=777"},"modified":"2018-03-04T05:45:41","modified_gmt":"2018-03-04T04:45:41","slug":"schlauchhalter","status":"publish","type":"product","link":"https:\/\/kronsafety.com\/shop\/produkt\/schlauchhalter\/","title":{"rendered":"Schlauchhalter"},"content":{"rendered":"<p>Der Schlauch kann damit einfach am Gel\u00e4nder oder an irgendeinem anderen Anschlagpunkt befestigen werden.<br \/>\nKarabiner und \u00d6se fest eingen\u00e4ht.<\/p>\n","protected":false},"excerpt":{"rendered":"<p>Der Schlauch kann damit einfach am Gel\u00e4nder oder an irgendeinem anderen Anschlagpunkt befestigen werden. Karabiner und \u00d6se fest eingen\u00e4ht.<\/p>\n","protected":false},"featured_media":779,"template":"","meta":[],"product_cat":[367,377],"product_tag":[],"_links":{"self":[{"href":"https:\/\/kronsafety.com\/shop\/wp-json\/wp\/v2\/product\/777"}],"collection":[{"href":"https:\/\/kronsafety.com\/shop\/wp-json\/wp\/v2\/product"}],"about":[{"href":"https:\/\/kronsafety.com\/shop\/wp-json\/wp\/v2\/types\/product"}],"wp:featuredmedia":[{"embeddable":true,"href":"https:\/\/kronsafety.com\/shop\/wp-json\/wp\/v2\/media\/779"}],"wp:attachment":[{"href":"https:\/\/kronsafety.com\/shop\/wp-json\/wp\/v2\/media?parent=777"}],"wp:term":[{"taxonomy":"product_cat","embeddable":true,"href":"https:\/\/kronsafety.com\/shop\/wp-json\/wp\/v2\/product_cat?post=777"},{"taxonomy":"product_tag","embeddable":true,"href":"https:\/\/kronsafety.com\/shop\/wp-json\/wp\/v2\/product_tag?post=777"}],"curies":[{"name":"wp","href":"https:\/\/api.w.org\/{rel}","templated":true}]}}