{"id":780,"date":"2018-03-04T05:53:55","date_gmt":"2018-03-04T04:53:55","guid":{"rendered":"http:\/\/kronaction.com\/shop\/?post_type=product&#038;p=780"},"modified":"2018-03-04T05:53:55","modified_gmt":"2018-03-04T04:53:55","slug":"rit-bag","status":"publish","type":"product","link":"https:\/\/kronsafety.com\/shop\/produkt\/rit-bag\/","title":{"rendered":"RIT-Bag"},"content":{"rendered":"<p>Atemschutz-Notfalltasche<\/p>\n<p>Schlanke Sicherheitstrupptasche zum Mitf\u00fchren einer Atemluftflasche von 6 Liter Volumen mit direkt angeschlossenem Druckminderer inkl. Mitteldruckleitung und Lungenautomat. Die Tasche besitzt einen Befestigungsgurt zum Umschlingen des Verunfallten und einer Bandschlingenaufnahme, die die Evakuierung mittels Rautektechnik erlaubt. Zus\u00e4tzlich hat die Tasche noch Au\u00dfentaschen f\u00fcr Schere, T\u00fcrkeile und Messer sowie ein Topfach f\u00fcr ein Evakuierungs- oder Tragtuch (Tasche wird ohne Inhalt geliefert).<\/p>\n","protected":false},"excerpt":{"rendered":"<p>Atemschutz-Notfalltasche Schlanke Sicherheitstrupptasche zum Mitf\u00fchren einer Atemluftflasche von 6 Liter Volumen mit direkt angeschlossenem Druckminderer inkl. Mitteldruckleitung und Lungenautomat. Die Tasche besitzt einen Befestigungsgurt zum Umschlingen des Verunfallten und einer Bandschlingenaufnahme, die die Evakuierung mittels Rautektechnik erlaubt. Zus\u00e4tzlich hat die Tasche noch Au\u00dfentaschen f\u00fcr Schere, T\u00fcrkeile und Messer sowie ein Topfach f\u00fcr ein Evakuierungs- oder [&hellip;]<\/p>\n","protected":false},"featured_media":782,"template":"","meta":[],"product_cat":[367,377],"product_tag":[],"_links":{"self":[{"href":"https:\/\/kronsafety.com\/shop\/wp-json\/wp\/v2\/product\/780"}],"collection":[{"href":"https:\/\/kronsafety.com\/shop\/wp-json\/wp\/v2\/product"}],"about":[{"href":"https:\/\/kronsafety.com\/shop\/wp-json\/wp\/v2\/types\/product"}],"wp:featuredmedia":[{"embeddable":true,"href":"https:\/\/kronsafety.com\/shop\/wp-json\/wp\/v2\/media\/782"}],"wp:attachment":[{"href":"https:\/\/kronsafety.com\/shop\/wp-json\/wp\/v2\/media?parent=780"}],"wp:term":[{"taxonomy":"product_cat","embeddable":true,"href":"https:\/\/kronsafety.com\/shop\/wp-json\/wp\/v2\/product_cat?post=780"},{"taxonomy":"product_tag","embeddable":true,"href":"https:\/\/kronsafety.com\/shop\/wp-json\/wp\/v2\/product_tag?post=780"}],"curies":[{"name":"wp","href":"https:\/\/api.w.org\/{rel}","templated":true}]}}