{"id":792,"date":"2018-03-04T06:12:31","date_gmt":"2018-03-04T05:12:31","guid":{"rendered":"http:\/\/kronaction.com\/shop\/?post_type=product&#038;p=792"},"modified":"2018-03-04T06:12:31","modified_gmt":"2018-03-04T05:12:31","slug":"koppel","status":"publish","type":"product","link":"https:\/\/kronsafety.com\/shop\/produkt\/koppel\/","title":{"rendered":"Koppel"},"content":{"rendered":"<p>Die Koppel mit Unterg\u00fcrtel kann komplett best\u00fcckt mit Holstern und erst kurz vor dem Einsatz auf den durch die G\u00fcrtelschnallen der Hose gef\u00e4delten Unterg\u00fcrtel angeklettet werden. Das Material muss so nicht die ganze Zeit getragen werden und k\u00f6nnte z. B. im Fahrzeug bereitliegen.<\/p>\n","protected":false},"excerpt":{"rendered":"<p>Die Koppel mit Unterg\u00fcrtel kann komplett best\u00fcckt mit Holstern und erst kurz vor dem Einsatz auf den durch die G\u00fcrtelschnallen der Hose gef\u00e4delten Unterg\u00fcrtel angeklettet werden. Das Material muss so nicht die ganze Zeit getragen werden und k\u00f6nnte z. B. im Fahrzeug bereitliegen.<\/p>\n","protected":false},"featured_media":798,"template":"","meta":[],"product_cat":[367,377],"product_tag":[],"_links":{"self":[{"href":"https:\/\/kronsafety.com\/shop\/wp-json\/wp\/v2\/product\/792"}],"collection":[{"href":"https:\/\/kronsafety.com\/shop\/wp-json\/wp\/v2\/product"}],"about":[{"href":"https:\/\/kronsafety.com\/shop\/wp-json\/wp\/v2\/types\/product"}],"wp:featuredmedia":[{"embeddable":true,"href":"https:\/\/kronsafety.com\/shop\/wp-json\/wp\/v2\/media\/798"}],"wp:attachment":[{"href":"https:\/\/kronsafety.com\/shop\/wp-json\/wp\/v2\/media?parent=792"}],"wp:term":[{"taxonomy":"product_cat","embeddable":true,"href":"https:\/\/kronsafety.com\/shop\/wp-json\/wp\/v2\/product_cat?post=792"},{"taxonomy":"product_tag","embeddable":true,"href":"https:\/\/kronsafety.com\/shop\/wp-json\/wp\/v2\/product_tag?post=792"}],"curies":[{"name":"wp","href":"https:\/\/api.w.org\/{rel}","templated":true}]}}