{"id":804,"date":"2018-03-04T06:25:25","date_gmt":"2018-03-04T05:25:25","guid":{"rendered":"http:\/\/kronaction.com\/shop\/?post_type=product&#038;p=804"},"modified":"2018-03-04T06:25:25","modified_gmt":"2018-03-04T05:25:25","slug":"pro-series-funkgeraeteholster-m","status":"publish","type":"product","link":"https:\/\/kronsafety.com\/shop\/produkt\/pro-series-funkgeraeteholster-m\/","title":{"rendered":"Pro Series Funkger\u00e4teholster M"},"content":{"rendered":"<p>Schmal geschnittenes Holster f\u00fcr alle g\u00e4ngigen 2m und Digitalfunkger\u00e4te. Seitlich k\u00f6nnen Kugelschreiber befestigt werden und hinten findet noch eine Schere o.\u00e4. Platz.<\/p>\n","protected":false},"excerpt":{"rendered":"<p>Schmal geschnittenes Holster f\u00fcr alle g\u00e4ngigen 2m und Digitalfunkger\u00e4te. Seitlich k\u00f6nnen Kugelschreiber befestigt werden und hinten findet noch eine Schere o.\u00e4. Platz.<\/p>\n","protected":false},"featured_media":805,"template":"","meta":[],"product_cat":[367,377],"product_tag":[],"_links":{"self":[{"href":"https:\/\/kronsafety.com\/shop\/wp-json\/wp\/v2\/product\/804"}],"collection":[{"href":"https:\/\/kronsafety.com\/shop\/wp-json\/wp\/v2\/product"}],"about":[{"href":"https:\/\/kronsafety.com\/shop\/wp-json\/wp\/v2\/types\/product"}],"wp:featuredmedia":[{"embeddable":true,"href":"https:\/\/kronsafety.com\/shop\/wp-json\/wp\/v2\/media\/805"}],"wp:attachment":[{"href":"https:\/\/kronsafety.com\/shop\/wp-json\/wp\/v2\/media?parent=804"}],"wp:term":[{"taxonomy":"product_cat","embeddable":true,"href":"https:\/\/kronsafety.com\/shop\/wp-json\/wp\/v2\/product_cat?post=804"},{"taxonomy":"product_tag","embeddable":true,"href":"https:\/\/kronsafety.com\/shop\/wp-json\/wp\/v2\/product_tag?post=804"}],"curies":[{"name":"wp","href":"https:\/\/api.w.org\/{rel}","templated":true}]}}