{"id":963,"date":"2018-03-21T23:53:04","date_gmt":"2018-03-21T22:53:04","guid":{"rendered":"http:\/\/kronaction.com\/shop\/?post_type=product&#038;p=963"},"modified":"2018-03-22T00:26:49","modified_gmt":"2018-03-21T23:26:49","slug":"ovalone","status":"publish","type":"product","link":"https:\/\/kronsafety.com\/shop\/produkt\/ovalone\/","title":{"rendered":"Ovalone"},"content":{"rendered":"<p>Ovaler Karabiner mit gro\u00dfer \u00d6ffnung. Ideal f\u00fcr Schwerlast-Anwendungen und f\u00fcr das Anschlagen an einer Struktur, Lifelines, usw.<br \/>\nErh\u00e4ltlich mit Schraub-, Autoblock- und Autoblock-Verschluss mit ANSI-Zertifizierung.<br \/>\nAuf Anfrage auch mit TwistLock-Verschluss erh\u00e4ltlich.<\/p>\n","protected":false},"excerpt":{"rendered":"<p>Ovaler Karabiner mit gro\u00dfer \u00d6ffnung. Ideal f\u00fcr Schwerlast-Anwendungen und f\u00fcr das Anschlagen an einer Struktur, Lifelines, usw. Erh\u00e4ltlich mit Schraub-, Autoblock- und Autoblock-Verschluss mit ANSI-Zertifizierung. Auf Anfrage auch mit TwistLock-Verschluss erh\u00e4ltlich.<\/p>\n","protected":false},"featured_media":973,"template":"","meta":[],"product_cat":[172],"product_tag":[],"_links":{"self":[{"href":"https:\/\/kronsafety.com\/shop\/wp-json\/wp\/v2\/product\/963"}],"collection":[{"href":"https:\/\/kronsafety.com\/shop\/wp-json\/wp\/v2\/product"}],"about":[{"href":"https:\/\/kronsafety.com\/shop\/wp-json\/wp\/v2\/types\/product"}],"wp:featuredmedia":[{"embeddable":true,"href":"https:\/\/kronsafety.com\/shop\/wp-json\/wp\/v2\/media\/973"}],"wp:attachment":[{"href":"https:\/\/kronsafety.com\/shop\/wp-json\/wp\/v2\/media?parent=963"}],"wp:term":[{"taxonomy":"product_cat","embeddable":true,"href":"https:\/\/kronsafety.com\/shop\/wp-json\/wp\/v2\/product_cat?post=963"},{"taxonomy":"product_tag","embeddable":true,"href":"https:\/\/kronsafety.com\/shop\/wp-json\/wp\/v2\/product_tag?post=963"}],"curies":[{"name":"wp","href":"https:\/\/api.w.org\/{rel}","templated":true}]}}